{"id":11,"date":"2024-02-01T18:35:15","date_gmt":"2024-02-01T18:35:15","guid":{"rendered":"https:\/\/fairedutheatre.ca\/?page_id=11"},"modified":"2024-02-01T18:38:47","modified_gmt":"2024-02-01T18:38:47","slug":"remboursements_retours","status":"publish","type":"page","link":"https:\/\/fairedutheatre.ca\/?page_id=11","title":{"rendered":"Politique en mati\u00e8re de remboursements et de retours"},"content":{"rendered":"\n<p><strong>Produits num\u00e9riques<br><br><\/strong>Le client peut t\u00e9l\u00e9charger les produits num\u00e9riques achet\u00e9s sur le site\u00a0d\u00e8s que la transaction a \u00e9t\u00e9 accept\u00e9e. <\/p>\n\n\n\n<p>Les fichiers num\u00e9riques acquis sont des \u0153uvres d\u2019auteurs et sont prot\u00e9g\u00e9s par la Loi sur le droit d\u2019auteur. Conform\u00e9ment \u00e0 cette loi, l\u2019achat de fichier num\u00e9rique est r\u00e9serv\u00e9 \u00e0 un usage personnel, priv\u00e9 et gratuit. Toute reproduction,&nbsp;autre que celle autoris\u00e9e pour le t\u00e9l\u00e9chargement, adaptation, usage collectif, revente ou location est absolument interdite et peut faire l\u2019objet de poursuites judiciaires.<\/p>\n\n\n\n<p>L\u2019utilisateur final s\u2019engage \u00e0 respecter le droit d&rsquo;auteur et \u00e0 ne pas contourner, ni porter atteinte aux techniques de contr\u00f4le de l\u2019utilisation des livres num\u00e9riques t\u00e9l\u00e9charg\u00e9s.\u00a0\u00c0 d\u00e9faut, toute utilisation hors du cadre d\u00e9fini dans les pr\u00e9sentes conditions g\u00e9n\u00e9rales de vente constitue un acte de contrefa\u00e7on, qui expose l\u2019utilisateur final \u00e0 des poursuites judiciaires.<\/p>\n\n\n\n<p>Aucun \u00e9change, cr\u00e9dit ou remboursement ne pourra \u00eatre accept\u00e9 apr\u00e8s la confirmation d\u2019une transaction de vente d\u2019un produit num\u00e9rique. Th\u00e9\u00e2tre et cr\u00e9ation \u00e9dition  ne pourra en aucun cas \u00eatre tenue responsable d\u2019\u00e9ventuels probl\u00e8mes de compatibilit\u00e9 entre un produit num\u00e9rique et un appareil \u00e9lectronique, issus notamment des \u00e9volutions des logiciels de lecture ou des mesures techniques de protection des fichiers, sauf dans l\u2019\u00e9ventualit\u00e9 o\u00f9 la description du produit affich\u00e9e serait inexacte. <\/p>\n\n\n\n<p><strong>Livre papier<\/strong><\/p>\n\n\n\n<p><em>Nous nous r\u00e9servons le droit de limiter ou de refuser le retour d\u2019articles en tout temps et pour quelque raison que ce soit.<\/em><\/p>\n\n\n\n<p><br>Les articles sur fairedutheatre.ca sont neufs et garantis sans d\u00e9faut. S\u2019il arrivait qu\u2019un article soit d\u00e9fectueux ou ne corresponde pas \u00e0 ce qui avait \u00e9t\u00e9 command\u00e9, nous nous engageons \u00e0 l\u2019\u00e9changer ou \u00e0 le rembourser, y compris les frais de port, dans les 10 jours suivant la date de livraison, \u00e0 condition qu\u2019il soit accompagn\u00e9 du bulletin de livraison ou d\u2019une copie de la facture \u00e9mise lors de l&rsquo;achat.<\/p>\n","protected":false},"excerpt":{"rendered":"<p>Produits num\u00e9riques Le client peut t\u00e9l\u00e9charger les produits num\u00e9riques achet\u00e9s sur le site\u00a0d\u00e8s que la transaction a \u00e9t\u00e9 accept\u00e9e. Les fichiers num\u00e9riques acquis sont des \u0153uvres d\u2019auteurs et sont prot\u00e9g\u00e9s par la Loi sur le droit d\u2019auteur. Conform\u00e9ment \u00e0 cette loi, l\u2019achat de fichier num\u00e9rique est r\u00e9serv\u00e9 \u00e0 un usage personnel, priv\u00e9 et gratuit. Toute &hellip; <\/p>\n<p class=\"link-more\"><a href=\"https:\/\/fairedutheatre.ca\/?page_id=11\" class=\"more-link\">Continuer la lecture<span class=\"screen-reader-text\"> de &laquo;&nbsp;Politique en mati\u00e8re de remboursements et de retours&nbsp;&raquo;<\/span><\/a><\/p>\n","protected":false},"author":1,"featured_media":0,"parent":0,"menu_order":0,"comment_status":"closed","ping_status":"closed","template":"","meta":{"footnotes":""},"class_list":["post-11","page","type-page","status-publish","hentry"],"_links":{"self":[{"href":"https:\/\/fairedutheatre.ca\/index.php?rest_route=\/wp\/v2\/pages\/11","targetHints":{"allow":["GET"]}}],"collection":[{"href":"https:\/\/fairedutheatre.ca\/index.php?rest_route=\/wp\/v2\/pages"}],"about":[{"href":"https:\/\/fairedutheatre.ca\/index.php?rest_route=\/wp\/v2\/types\/page"}],"author":[{"embeddable":true,"href":"https:\/\/fairedutheatre.ca\/index.php?rest_route=\/wp\/v2\/users\/1"}],"replies":[{"embeddable":true,"href":"https:\/\/fairedutheatre.ca\/index.php?rest_route=%2Fwp%2Fv2%2Fcomments&post=11"}],"version-history":[{"count":2,"href":"https:\/\/fairedutheatre.ca\/index.php?rest_route=\/wp\/v2\/pages\/11\/revisions"}],"predecessor-version":[{"id":99,"href":"https:\/\/fairedutheatre.ca\/index.php?rest_route=\/wp\/v2\/pages\/11\/revisions\/99"}],"wp:attachment":[{"href":"https:\/\/fairedutheatre.ca\/index.php?rest_route=%2Fwp%2Fv2%2Fmedia&parent=11"}],"curies":[{"name":"wp","href":"https:\/\/api.w.org\/{rel}","templated":true}]}}