{"id":117,"date":"2024-02-01T18:53:26","date_gmt":"2024-02-01T18:53:26","guid":{"rendered":"https:\/\/fairedutheatre.ca\/?page_id=117"},"modified":"2024-02-01T19:00:40","modified_gmt":"2024-02-01T19:00:40","slug":"117-2","status":"publish","type":"page","link":"https:\/\/fairedutheatre.ca\/?page_id=117","title":{"rendered":"Mentions l\u00e9gales"},"content":{"rendered":"\n<p>Politique en mati\u00e8re de renseignements personnels et de vie priv\u00e9e<\/p>\n\n\n\n<p>Politique en mati\u00e8re de remboursement et de retour.<\/p>\n","protected":false},"excerpt":{"rendered":"<p>Politique en mati\u00e8re de renseignements personnels et de vie priv\u00e9e Politique en mati\u00e8re de remboursement et de retour.<\/p>\n","protected":false},"author":1,"featured_media":0,"parent":0,"menu_order":0,"comment_status":"closed","ping_status":"closed","template":"","meta":{"footnotes":""},"class_list":["post-117","page","type-page","status-publish","hentry"],"_links":{"self":[{"href":"https:\/\/fairedutheatre.ca\/index.php?rest_route=\/wp\/v2\/pages\/117","targetHints":{"allow":["GET"]}}],"collection":[{"href":"https:\/\/fairedutheatre.ca\/index.php?rest_route=\/wp\/v2\/pages"}],"about":[{"href":"https:\/\/fairedutheatre.ca\/index.php?rest_route=\/wp\/v2\/types\/page"}],"author":[{"embeddable":true,"href":"https:\/\/fairedutheatre.ca\/index.php?rest_route=\/wp\/v2\/users\/1"}],"replies":[{"embeddable":true,"href":"https:\/\/fairedutheatre.ca\/index.php?rest_route=%2Fwp%2Fv2%2Fcomments&post=117"}],"version-history":[{"count":2,"href":"https:\/\/fairedutheatre.ca\/index.php?rest_route=\/wp\/v2\/pages\/117\/revisions"}],"predecessor-version":[{"id":120,"href":"https:\/\/fairedutheatre.ca\/index.php?rest_route=\/wp\/v2\/pages\/117\/revisions\/120"}],"wp:attachment":[{"href":"https:\/\/fairedutheatre.ca\/index.php?rest_route=%2Fwp%2Fv2%2Fmedia&parent=117"}],"curies":[{"name":"wp","href":"https:\/\/api.w.org\/{rel}","templated":true}]}}