{"id":305,"date":"2024-06-28T17:41:58","date_gmt":"2024-06-28T17:41:58","guid":{"rendered":"https:\/\/fairedutheatre.ca\/?page_id=305"},"modified":"2024-06-28T17:42:01","modified_gmt":"2024-06-28T17:42:01","slug":"table-des-matieres","status":"publish","type":"page","link":"https:\/\/fairedutheatre.ca\/?page_id=305","title":{"rendered":"TABLE DES MATI\u00c8RES"},"content":{"rendered":"\n<ul class=\"wp-block-list\">\n<li><strong>AVANT-PROPOS <\/strong>&#8211; 9 <\/li>\n\n\n\n<li><strong>POUQUOI FAIRE DU TH\u00c9\u00c2TRE ?  &#8211; <\/strong>17 <\/li>\n\n\n\n<li><strong>UN ART PLUSIEURS FOIS MILL\u00c9NAIRE <\/strong>&#8211; 25\n<ul class=\"wp-block-list\">\n<li>La pi\u00e8ce de th\u00e9\u00e2tre &#8211; 28 <\/li>\n\n\n\n<li>Le personnage &#8211; 32<\/li>\n\n\n\n<li>La mise en sc\u00e8ne &#8211; 39 <\/li>\n\n\n\n<li>Les \u00e9tapes d\u2019une production &#8211; 43<\/li>\n<\/ul>\n<\/li>\n\n\n\n<li><strong>JOUER <\/strong>&#8211; 59 \n<ul class=\"wp-block-list\">\n<li>Dire \u00ab juste \u00bb &#8211; 62 <\/li>\n\n\n\n<li>Apprendre son texte &#8211; 65 <\/li>\n\n\n\n<li>Texte et sous-texte &#8211; 71<\/li>\n\n\n\n<li>Silence et respiration &#8211; 75<\/li>\n\n\n\n<li>L\u2019\u00e9coute &#8211; 79<\/li>\n\n\n\n<li>La concentration &#8211; 84<\/li>\n\n\n\n<li>La d\u00e9tente &#8211; 91<\/li>\n\n\n\n<li>Voix et articulation &#8211; 100<\/li>\n\n\n\n<li>Le personnage et le corps &#8211; 103<\/li>\n\n\n\n<li>Emploi et composition &#8211; 107<\/li>\n\n\n\n<li>La confiance en soi &#8211; 110<\/li>\n\n\n\n<li>La spontan\u00e9it\u00e9 &#8211; 114<\/li>\n\n\n\n<li>L\u2019abandon &#8211; 116<\/li>\n\n\n\n<li>L\u2019imaginaire et la cr\u00e9ativit\u00e9 &#8211; 118<\/li>\n<\/ul>\n<\/li>\n\n\n\n<li><strong>COMMENCER <\/strong>&#8211; 121 \n<ul class=\"wp-block-list\">\n<li>Se lancer &#8211; 123<\/li>\n\n\n\n<li>La prise de notes &#8211; 124<\/li>\n\n\n\n<li>Noter la mise en place &#8211; 126<\/li>\n<\/ul>\n<\/li>\n\n\n\n<li><strong>CONCLUSION <\/strong>&#8211; 129<\/li>\n\n\n\n<li><strong>PRINCIPAUX TERMES UTILIS\u00c9S <\/strong>&#8211; 133<\/li>\n\n\n\n<li><strong>BIBLIOGRAPHIE <\/strong>&#8211; 140<\/li>\n<\/ul>\n","protected":false},"excerpt":{"rendered":"","protected":false},"author":1,"featured_media":0,"parent":0,"menu_order":0,"comment_status":"closed","ping_status":"closed","template":"","meta":{"footnotes":""},"class_list":["post-305","page","type-page","status-publish","hentry"],"_links":{"self":[{"href":"https:\/\/fairedutheatre.ca\/index.php?rest_route=\/wp\/v2\/pages\/305","targetHints":{"allow":["GET"]}}],"collection":[{"href":"https:\/\/fairedutheatre.ca\/index.php?rest_route=\/wp\/v2\/pages"}],"about":[{"href":"https:\/\/fairedutheatre.ca\/index.php?rest_route=\/wp\/v2\/types\/page"}],"author":[{"embeddable":true,"href":"https:\/\/fairedutheatre.ca\/index.php?rest_route=\/wp\/v2\/users\/1"}],"replies":[{"embeddable":true,"href":"https:\/\/fairedutheatre.ca\/index.php?rest_route=%2Fwp%2Fv2%2Fcomments&post=305"}],"version-history":[{"count":1,"href":"https:\/\/fairedutheatre.ca\/index.php?rest_route=\/wp\/v2\/pages\/305\/revisions"}],"predecessor-version":[{"id":307,"href":"https:\/\/fairedutheatre.ca\/index.php?rest_route=\/wp\/v2\/pages\/305\/revisions\/307"}],"wp:attachment":[{"href":"https:\/\/fairedutheatre.ca\/index.php?rest_route=%2Fwp%2Fv2%2Fmedia&parent=305"}],"curies":[{"name":"wp","href":"https:\/\/api.w.org\/{rel}","templated":true}]}}