{"id":309,"date":"2024-06-28T17:49:03","date_gmt":"2024-06-28T17:49:03","guid":{"rendered":"https:\/\/fairedutheatre.ca\/?page_id=309"},"modified":"2024-06-28T17:49:05","modified_gmt":"2024-06-28T17:49:05","slug":"extraits","status":"publish","type":"page","link":"https:\/\/fairedutheatre.ca\/?page_id=309","title":{"rendered":"Extraits"},"content":{"rendered":"\n<p>Vous trouverez dans le pr\u00e9sent onglet <a href=\"https:\/\/fairedutheatre.ca\/?page_id=305\" data-type=\"page\" data-id=\"305\">La table des mati\u00e8res<\/a> ainsi que le chapitre <a href=\"https:\/\/fairedutheatre.ca\/?page_id=299\" data-type=\"page\" data-id=\"299\">\u00ab\u00a0Pourquoi faire du th\u00e9\u00e2tre ? \u00bb<\/a> , vous donnant une id\u00e9e du type de contenu que vous trouverez dans Faire du th\u00e9\u00e2tre.<\/p>\n","protected":false},"excerpt":{"rendered":"<p>Vous trouverez dans le pr\u00e9sent onglet La table des mati\u00e8res ainsi que le chapitre \u00ab\u00a0Pourquoi faire du th\u00e9\u00e2tre ? \u00bb , vous donnant une id\u00e9e du type de contenu que vous trouverez dans Faire du th\u00e9\u00e2tre.<\/p>\n","protected":false},"author":1,"featured_media":0,"parent":0,"menu_order":0,"comment_status":"closed","ping_status":"closed","template":"","meta":{"footnotes":""},"class_list":["post-309","page","type-page","status-publish","hentry"],"_links":{"self":[{"href":"https:\/\/fairedutheatre.ca\/index.php?rest_route=\/wp\/v2\/pages\/309","targetHints":{"allow":["GET"]}}],"collection":[{"href":"https:\/\/fairedutheatre.ca\/index.php?rest_route=\/wp\/v2\/pages"}],"about":[{"href":"https:\/\/fairedutheatre.ca\/index.php?rest_route=\/wp\/v2\/types\/page"}],"author":[{"embeddable":true,"href":"https:\/\/fairedutheatre.ca\/index.php?rest_route=\/wp\/v2\/users\/1"}],"replies":[{"embeddable":true,"href":"https:\/\/fairedutheatre.ca\/index.php?rest_route=%2Fwp%2Fv2%2Fcomments&post=309"}],"version-history":[{"count":1,"href":"https:\/\/fairedutheatre.ca\/index.php?rest_route=\/wp\/v2\/pages\/309\/revisions"}],"predecessor-version":[{"id":311,"href":"https:\/\/fairedutheatre.ca\/index.php?rest_route=\/wp\/v2\/pages\/309\/revisions\/311"}],"wp:attachment":[{"href":"https:\/\/fairedutheatre.ca\/index.php?rest_route=%2Fwp%2Fv2%2Fmedia&parent=309"}],"curies":[{"name":"wp","href":"https:\/\/api.w.org\/{rel}","templated":true}]}}