{"id":46,"date":"2024-01-25T22:49:28","date_gmt":"2024-01-25T22:49:28","guid":{"rendered":"https:\/\/fairedutheatre.ca\/?post_type=product&#038;p=46"},"modified":"2025-12-26T14:46:09","modified_gmt":"2025-12-26T14:46:09","slug":"faire-du-theatre-papier","status":"publish","type":"product","link":"https:\/\/fairedutheatre.ca\/?product=faire-du-theatre-papier","title":{"rendered":"Faire du th\u00e9\u00e2tre (papier)"},"content":{"rendered":"<p>Un livre indispensable sur la pratique du th\u00e9\u00e2tre, pour les d\u00e9butants comme pour ceux qui veulent pousser leur r\u00e9flexion. Des notions essentielles telles que la d\u00e9tente, la concentration, l\u2019\u00e9coute, la spontan\u00e9it\u00e9. Un livre qui vous donnera le go\u00fbt de vous lancer dans cette aventure exaltante qu\u2019est le th\u00e9\u00e2tre!<\/p>\n","protected":false},"excerpt":{"rendered":"<p>Un livre indispensable sur la pratique du th\u00e9\u00e2tre, pour les d\u00e9butants comme pour ceux qui veulent pousser leur r\u00e9flexion. Des notions essentielles telles que la d\u00e9tente, la concentration, l\u2019\u00e9coute, la spontan\u00e9it\u00e9. Un livre qui vous donnera le go\u00fbt de vous lancer dans cette aventure exaltante qu\u2019est le th\u00e9\u00e2tre!<\/p>\n","protected":false},"featured_media":289,"comment_status":"open","ping_status":"closed","template":"","meta":[],"product_brand":[],"product_cat":[19],"product_tag":[],"class_list":{"0":"post-46","1":"product","2":"type-product","3":"status-publish","4":"has-post-thumbnail","6":"product_cat-livre-sur-le-theatre","8":"first","9":"instock","10":"taxable","11":"shipping-taxable","12":"purchasable","13":"product-type-simple"},"_links":{"self":[{"href":"https:\/\/fairedutheatre.ca\/index.php?rest_route=\/wp\/v2\/product\/46","targetHints":{"allow":["GET"]}}],"collection":[{"href":"https:\/\/fairedutheatre.ca\/index.php?rest_route=\/wp\/v2\/product"}],"about":[{"href":"https:\/\/fairedutheatre.ca\/index.php?rest_route=\/wp\/v2\/types\/product"}],"replies":[{"embeddable":true,"href":"https:\/\/fairedutheatre.ca\/index.php?rest_route=%2Fwp%2Fv2%2Fcomments&post=46"}],"wp:featuredmedia":[{"embeddable":true,"href":"https:\/\/fairedutheatre.ca\/index.php?rest_route=\/wp\/v2\/media\/289"}],"wp:attachment":[{"href":"https:\/\/fairedutheatre.ca\/index.php?rest_route=%2Fwp%2Fv2%2Fmedia&parent=46"}],"wp:term":[{"taxonomy":"product_brand","embeddable":true,"href":"https:\/\/fairedutheatre.ca\/index.php?rest_route=%2Fwp%2Fv2%2Fproduct_brand&post=46"},{"taxonomy":"product_cat","embeddable":true,"href":"https:\/\/fairedutheatre.ca\/index.php?rest_route=%2Fwp%2Fv2%2Fproduct_cat&post=46"},{"taxonomy":"product_tag","embeddable":true,"href":"https:\/\/fairedutheatre.ca\/index.php?rest_route=%2Fwp%2Fv2%2Fproduct_tag&post=46"}],"curies":[{"name":"wp","href":"https:\/\/api.w.org\/{rel}","templated":true}]}}