{"id":556,"date":"2025-09-18T20:33:43","date_gmt":"2025-09-18T20:33:43","guid":{"rendered":"https:\/\/fairedutheatre.ca\/?post_type=product&#038;p=556"},"modified":"2025-09-18T21:04:31","modified_gmt":"2025-09-18T21:04:31","slug":"crier-au-loup-papier","status":"publish","type":"product","link":"https:\/\/fairedutheatre.ca\/?product=crier-au-loup-papier","title":{"rendered":"Crier au loup (Papier)"},"content":{"rendered":"<p>Samuelle vit seule avec son papa dans une petite cabane au c\u0153ur de la for\u00eat. M\u00eame si aujourd&rsquo;hui, c&rsquo;est sa f\u00eate. elle ne peut pas sortir, car un loup r\u00f4de dans les bois!<\/p>\n<p>Son p\u00e8re lui r\u00e9p\u00e8te depuis qu&rsquo;elle est petite que les loups sont m\u00e9chants, avec leurs crocs et leurs griffes. Semblerait-il qu&rsquo;ils puent, qu&rsquo;ils hurlent, qu&rsquo;ils ne se brossent jamais les dents. Mais est-ce bien vrai?<\/p>\n<p>Lorsque son papa part chasser la b\u00eate, Samuelle est laiss\u00e9e \u00e0 elle-m\u00eame&#8230;jusqu&rsquo;\u00e0 ce que quelqu&rsquo;un frappe la porte et lui demande d&rsquo;ouvrir.<\/p>\n","protected":false},"excerpt":{"rendered":"<p>Samuelle vit seule avec son papa dans une petite cabane au c\u0153ur de la for\u00eat. M\u00eame si aujourd&rsquo;hui, c&rsquo;est sa f\u00eate. elle ne peut pas sortir, car un loup r\u00f4de dans les bois! Son p\u00e8re lui r\u00e9p\u00e8te depuis qu&rsquo;elle est petite que les loups sont m\u00e9chants, avec leurs crocs et leurs griffes. Semblerait-il qu&rsquo;ils puent, &hellip; <\/p>\n<p class=\"link-more\"><a href=\"https:\/\/fairedutheatre.ca\/?product=crier-au-loup-papier\" class=\"more-link\">Continuer la lecture<span class=\"screen-reader-text\"> de &laquo;&nbsp;Crier au loup (Papier)&nbsp;&raquo;<\/span><\/a><\/p>\n","protected":false},"featured_media":561,"comment_status":"open","ping_status":"closed","template":"","meta":[],"product_brand":[],"product_cat":[15],"product_tag":[],"class_list":{"0":"post-556","1":"product","2":"type-product","3":"status-publish","4":"has-post-thumbnail","6":"product_cat-non-classe","8":"first","9":"instock","10":"taxable","11":"shipping-taxable","12":"purchasable","13":"product-type-simple"},"_links":{"self":[{"href":"https:\/\/fairedutheatre.ca\/index.php?rest_route=\/wp\/v2\/product\/556","targetHints":{"allow":["GET"]}}],"collection":[{"href":"https:\/\/fairedutheatre.ca\/index.php?rest_route=\/wp\/v2\/product"}],"about":[{"href":"https:\/\/fairedutheatre.ca\/index.php?rest_route=\/wp\/v2\/types\/product"}],"replies":[{"embeddable":true,"href":"https:\/\/fairedutheatre.ca\/index.php?rest_route=%2Fwp%2Fv2%2Fcomments&post=556"}],"wp:featuredmedia":[{"embeddable":true,"href":"https:\/\/fairedutheatre.ca\/index.php?rest_route=\/wp\/v2\/media\/561"}],"wp:attachment":[{"href":"https:\/\/fairedutheatre.ca\/index.php?rest_route=%2Fwp%2Fv2%2Fmedia&parent=556"}],"wp:term":[{"taxonomy":"product_brand","embeddable":true,"href":"https:\/\/fairedutheatre.ca\/index.php?rest_route=%2Fwp%2Fv2%2Fproduct_brand&post=556"},{"taxonomy":"product_cat","embeddable":true,"href":"https:\/\/fairedutheatre.ca\/index.php?rest_route=%2Fwp%2Fv2%2Fproduct_cat&post=556"},{"taxonomy":"product_tag","embeddable":true,"href":"https:\/\/fairedutheatre.ca\/index.php?rest_route=%2Fwp%2Fv2%2Fproduct_tag&post=556"}],"curies":[{"name":"wp","href":"https:\/\/api.w.org\/{rel}","templated":true}]}}