{"id":562,"date":"2025-09-18T20:46:37","date_gmt":"2025-09-18T20:46:37","guid":{"rendered":"https:\/\/fairedutheatre.ca\/?post_type=product&#038;p=562"},"modified":"2025-09-18T21:19:20","modified_gmt":"2025-09-18T21:19:20","slug":"les-volk-famille-legendaire","status":"publish","type":"product","link":"https:\/\/fairedutheatre.ca\/?product=les-volk-famille-legendaire","title":{"rendered":"Les Volk: famille L\u00e9gendaire (Papier)"},"content":{"rendered":"<p>Les Volk: famille l\u00e9gendaire, c\u2019est un r\u00e9cit familial d\u00e9peignant une troupe d\u2019artistes saltimbanques qui parcourent le monde afin de raconter les histoires extraordinaires de leurs anc\u00eatres.<\/p>\n<p>La pi\u00e8ce, destin\u00e9e \u00e0 un public de 7-10 ans, a vu le jour dans les parcs de Laval<br \/>\navant de tourner en salle au Qu\u00e9bec gr\u00e2ce, notamment, au soutien de la ville de Laval, de la Maison des Arts de Laval et de la Maison Th\u00e9\u00e2tre.<\/p>\n<p>Le spectacle a \u00e9t\u00e9 pr\u00e9sent\u00e9 plus de 150 fois et a su faire rire les petits et des grands partout o\u00f9 il s\u2019est arr\u00eat\u00e9.<\/p>\n","protected":false},"excerpt":{"rendered":"<p>Les Volk: famille l\u00e9gendaire, c\u2019est un r\u00e9cit familial d\u00e9peignant une troupe d\u2019artistes saltimbanques qui parcourent le monde afin de raconter les histoires extraordinaires de leurs anc\u00eatres. La pi\u00e8ce, destin\u00e9e \u00e0 un public de 7-10 ans, a vu le jour dans les parcs de Laval avant de tourner en salle au Qu\u00e9bec gr\u00e2ce, notamment, au soutien &hellip; <\/p>\n<p class=\"link-more\"><a href=\"https:\/\/fairedutheatre.ca\/?product=les-volk-famille-legendaire\" class=\"more-link\">Continuer la lecture<span class=\"screen-reader-text\"> de &laquo;&nbsp;Les Volk: famille L\u00e9gendaire (Papier)&nbsp;&raquo;<\/span><\/a><\/p>\n","protected":false},"featured_media":563,"comment_status":"open","ping_status":"closed","template":"","meta":[],"product_brand":[],"product_cat":[15],"product_tag":[],"class_list":{"0":"post-562","1":"product","2":"type-product","3":"status-publish","4":"has-post-thumbnail","6":"product_cat-non-classe","8":"first","9":"instock","10":"taxable","11":"shipping-taxable","12":"purchasable","13":"product-type-simple"},"_links":{"self":[{"href":"https:\/\/fairedutheatre.ca\/index.php?rest_route=\/wp\/v2\/product\/562","targetHints":{"allow":["GET"]}}],"collection":[{"href":"https:\/\/fairedutheatre.ca\/index.php?rest_route=\/wp\/v2\/product"}],"about":[{"href":"https:\/\/fairedutheatre.ca\/index.php?rest_route=\/wp\/v2\/types\/product"}],"replies":[{"embeddable":true,"href":"https:\/\/fairedutheatre.ca\/index.php?rest_route=%2Fwp%2Fv2%2Fcomments&post=562"}],"wp:featuredmedia":[{"embeddable":true,"href":"https:\/\/fairedutheatre.ca\/index.php?rest_route=\/wp\/v2\/media\/563"}],"wp:attachment":[{"href":"https:\/\/fairedutheatre.ca\/index.php?rest_route=%2Fwp%2Fv2%2Fmedia&parent=562"}],"wp:term":[{"taxonomy":"product_brand","embeddable":true,"href":"https:\/\/fairedutheatre.ca\/index.php?rest_route=%2Fwp%2Fv2%2Fproduct_brand&post=562"},{"taxonomy":"product_cat","embeddable":true,"href":"https:\/\/fairedutheatre.ca\/index.php?rest_route=%2Fwp%2Fv2%2Fproduct_cat&post=562"},{"taxonomy":"product_tag","embeddable":true,"href":"https:\/\/fairedutheatre.ca\/index.php?rest_route=%2Fwp%2Fv2%2Fproduct_tag&post=562"}],"curies":[{"name":"wp","href":"https:\/\/api.w.org\/{rel}","templated":true}]}}